{"id":459,"date":"2019-08-12T00:46:01","date_gmt":"2019-08-12T00:46:01","guid":{"rendered":"https:\/\/corina-weighing.se\/?page_id=459"},"modified":"2025-11-30T08:07:43","modified_gmt":"2025-11-30T09:07:43","slug":"allmanna-villkor","status":"publish","type":"page","link":"https:\/\/corina-weighing.se\/?page_id=459","title":{"rendered":"Allm\u00e4nna villkor"},"content":{"rendered":"\n<p><strong>Priser<\/strong><br>Alla priser \u00e4r exklusive moms och frakt.<br>Samtliga pris och faktauppgifter p\u00e5 hemsidan l\u00e4mnas med reservation f\u00f6r tryckfel samt av tillverkare felaktiga l\u00e4mnade varuspecifikationer.<\/p>\n\n\n\n<p><strong>Frakts\u00e4tt\/leveranstider<br><\/strong>Alla order levereras normalt till kund inom 2-5 dagar (10 &#8211; 12 dagar vid mellanf\u00f6rs\u00e4ljning) efter ordergodk\u00e4nnande fr\u00e5n <strong>Corina Weighing \/ Medical<\/strong> . Alla leveranser sker med, av <strong>Corina Weighing \/ Medical<\/strong> vald spedit\u00f6r.<\/p>\n\n\n\n<p><strong>F\u00f6rskottsbetalning<\/strong><br>Vid f\u00f6rskottsbetalning s\u00e5 betalar kunden in totalpriset inkl moms och frakt p\u00e5 v\u00e5rt bankgiro <strong>5366-5956<\/strong>.<\/p>\n\n\n\n<p><strong>Faktura<\/strong><br>F\u00f6rs\u00e4ljning till f\u00f6retag\/bolag sker efter s\u00e4rskild kreditpr\u00f6vning mot faktura.<\/p>\n\n\n\n<p><strong>F\u00f6rs\u00e4ljningsvillkor &#8211; B2B &#8211; F\u00f6retag till F\u00f6retag<br><\/strong>Kunden st\u00e5r f\u00f6r fraktkostnaden och risken vid reklamation, retur, garantikontroll etc.<\/p>\n\n\n\n<p><strong>Privatperson<\/strong> <br>Vi s\u00e4ljer ej till privatpersoner.<\/p>\n","protected":false},"excerpt":{"rendered":"<p>PriserAlla priser \u00e4r exklusive moms och frakt.Samtliga pris och faktauppgifter p\u00e5 hemsidan l\u00e4mnas med reservation f\u00f6r tryckfel samt av tillverkare felaktiga l\u00e4mnade varuspecifikationer. Frakts\u00e4tt\/leveranstiderAlla order levereras normalt till kund inom 2-5 dagar (10 &#8211; 12 dagar vid mellanf\u00f6rs\u00e4ljning) efter ordergodk\u00e4nnande fr\u00e5n Corina Weighing \/ Medical . Alla leveranser sker med, av Corina Weighing \/ Medical [&hellip;]<\/p>\n","protected":false},"author":1,"featured_media":0,"parent":0,"menu_order":0,"comment_status":"closed","ping_status":"closed","template":"","meta":{"footnotes":""},"class_list":["post-459","page","type-page","status-publish","hentry"],"jetpack_sharing_enabled":true,"_links":{"self":[{"href":"https:\/\/corina-weighing.se\/index.php?rest_route=\/wp\/v2\/pages\/459","targetHints":{"allow":["GET"]}}],"collection":[{"href":"https:\/\/corina-weighing.se\/index.php?rest_route=\/wp\/v2\/pages"}],"about":[{"href":"https:\/\/corina-weighing.se\/index.php?rest_route=\/wp\/v2\/types\/page"}],"author":[{"embeddable":true,"href":"https:\/\/corina-weighing.se\/index.php?rest_route=\/wp\/v2\/users\/1"}],"replies":[{"embeddable":true,"href":"https:\/\/corina-weighing.se\/index.php?rest_route=%2Fwp%2Fv2%2Fcomments&post=459"}],"version-history":[{"count":3,"href":"https:\/\/corina-weighing.se\/index.php?rest_route=\/wp\/v2\/pages\/459\/revisions"}],"predecessor-version":[{"id":7723,"href":"https:\/\/corina-weighing.se\/index.php?rest_route=\/wp\/v2\/pages\/459\/revisions\/7723"}],"wp:attachment":[{"href":"https:\/\/corina-weighing.se\/index.php?rest_route=%2Fwp%2Fv2%2Fmedia&parent=459"}],"curies":[{"name":"wp","href":"https:\/\/api.w.org\/{rel}","templated":true}]}}