{"id":6720,"date":"2023-02-05T20:35:22","date_gmt":"2023-02-05T20:35:22","guid":{"rendered":"https:\/\/corina-weighing.se\/?page_id=6720"},"modified":"2023-03-06T20:30:29","modified_gmt":"2023-03-06T21:30:29","slug":"service","status":"publish","type":"page","link":"https:\/\/corina-weighing.se\/?page_id=6720","title":{"rendered":"Service &#038; Reparationer"},"content":{"rendered":"\n<p>Kontakta oss f\u00f6r service &amp; reparationer.<br><br>Paket som skickas till oss <strong>skall <\/strong>skickas med f\u00f6retagspaket, EJ till ombud, d\u00e5 g\u00e5r f\u00f6rs\u00e4ndelsen i Retur!<br>Kontakta oss alltid innan ni skickar en f\u00f6rs\u00e4ndelse.<\/p>\n\n\n\n<p>Telefon. 0730 \u2013 57 44 32<br>E-post.\u00a0<a rel=\"noreferrer noopener\" href=\"mailto:info@corina-weighing.se\" target=\"_blank\">info@corina-weighing.se<\/a><\/p>\n\n\n\n<p><\/p>\n","protected":false},"excerpt":{"rendered":"<p>Kontakta oss f\u00f6r service &amp; reparationer. Paket som skickas till oss skall skickas med f\u00f6retagspaket, EJ till ombud, d\u00e5 g\u00e5r f\u00f6rs\u00e4ndelsen i Retur!Kontakta oss alltid innan ni skickar en f\u00f6rs\u00e4ndelse. Telefon. 0730 \u2013 57 44 32E-post.\u00a0info@corina-weighing.se<\/p>\n","protected":false},"author":1,"featured_media":0,"parent":0,"menu_order":2,"comment_status":"closed","ping_status":"closed","template":"","meta":{"footnotes":""},"class_list":["post-6720","page","type-page","status-publish","hentry"],"jetpack_sharing_enabled":true,"_links":{"self":[{"href":"https:\/\/corina-weighing.se\/index.php?rest_route=\/wp\/v2\/pages\/6720","targetHints":{"allow":["GET"]}}],"collection":[{"href":"https:\/\/corina-weighing.se\/index.php?rest_route=\/wp\/v2\/pages"}],"about":[{"href":"https:\/\/corina-weighing.se\/index.php?rest_route=\/wp\/v2\/types\/page"}],"author":[{"embeddable":true,"href":"https:\/\/corina-weighing.se\/index.php?rest_route=\/wp\/v2\/users\/1"}],"replies":[{"embeddable":true,"href":"https:\/\/corina-weighing.se\/index.php?rest_route=%2Fwp%2Fv2%2Fcomments&post=6720"}],"version-history":[{"count":6,"href":"https:\/\/corina-weighing.se\/index.php?rest_route=\/wp\/v2\/pages\/6720\/revisions"}],"predecessor-version":[{"id":6731,"href":"https:\/\/corina-weighing.se\/index.php?rest_route=\/wp\/v2\/pages\/6720\/revisions\/6731"}],"wp:attachment":[{"href":"https:\/\/corina-weighing.se\/index.php?rest_route=%2Fwp%2Fv2%2Fmedia&parent=6720"}],"curies":[{"name":"wp","href":"https:\/\/api.w.org\/{rel}","templated":true}]}}