{"id":392,"date":"2019-08-10T19:35:13","date_gmt":"2019-08-10T19:35:13","guid":{"rendered":"https:\/\/corina-weighing.se\/?post_type=product&#038;p=392"},"modified":"2022-04-26T18:32:04","modified_gmt":"2022-04-26T18:32:04","slug":"stolsvag","status":"publish","type":"product","link":"https:\/\/corina-weighing.se\/?product=stolsvag","title":{"rendered":"M-210 Sittv\u00e5g M-Klass III"},"content":{"rendered":"","protected":false},"excerpt":{"rendered":"<p align=\"left\">Kontakta oss f\u00f6r offert<br \/>\n<a href=\"mailto:info@corina-weighing.se\">info@corina-weighing.se<\/a><br \/>\nTel. 0730 &#8211; 57 44 32<\/p>\n<p><a href=\"https:\/\/corina-weighing.se\/wp-content\/uploads\/2019\/08\/M-210_sittvag.pdf\" target=\"_blank\" rel=\"noopener noreferrer\">Broschyr pdf<\/a><br \/>\n<a href=\"https:\/\/corina-weighing.se\/wp-content\/uploads\/2019\/08\/M-210.bruksanvisning.pdf\" target=\"_blank\" rel=\"noopener noreferrer\">Bruksanvisning pdf<\/a><br \/>\n<span style=\"font-family: Arial; font-size: small;\"><b>Art.Nr. M31 051<br \/>\n<\/b>Sittv\u00e5g, l\u00e4tt och enkel att flytta<br \/>\nSittbredd: 40 cm<br \/>\nSittdjup: 38 cm<br \/>\nBakre hjul vridbara med broms<br \/>\nFr\u00e4mre hjul \u00e4r fasta utan broms<br \/>\nUppf\u00e4llbara armst\u00f6d<br \/>\nUppf\u00e4llbara fotst\u00f6d<br \/>\nFunktion f\u00f6r BMI<br \/>\nEnkelt att byta batteri<br \/>\n<b> M &#8211; Klass III Godk\u00e4nd<\/b><br \/>\nKapacitet: 250 kg<br \/>\nDelning: 50\/100 gram (Dual Range)<br \/>\nN\u00e4tdrift \/ uppladdningsbara batterier<br \/>\n80h drift vid kontinuerlig v\u00e4gning<br \/>\nN\u00e4tadapter medf\u00f6ljer<br \/>\nPrinter finns som tillval<br \/>\nGaranti 2 \u00e5r<br \/>\n2014\/31\/EU Directive on NON-Automatic Weighing Instrument<br \/>\n<b>Levereras godk\u00e4nd f\u00f6r anv\u00e4ndning inom sjukv\u00e5rden<\/b><\/span><\/p>\n","protected":false},"featured_media":395,"template":"","meta":[],"product_brand":[],"product_cat":[67],"product_tag":[],"class_list":{"0":"post-392","1":"product","2":"type-product","3":"status-publish","4":"has-post-thumbnail","6":"product_cat-sittvagar","8":"first","9":"instock","10":"taxable","11":"shipping-taxable","12":"product-type-simple"},"jetpack_sharing_enabled":true,"_links":{"self":[{"href":"https:\/\/corina-weighing.se\/index.php?rest_route=\/wp\/v2\/product\/392","targetHints":{"allow":["GET"]}}],"collection":[{"href":"https:\/\/corina-weighing.se\/index.php?rest_route=\/wp\/v2\/product"}],"about":[{"href":"https:\/\/corina-weighing.se\/index.php?rest_route=\/wp\/v2\/types\/product"}],"wp:featuredmedia":[{"embeddable":true,"href":"https:\/\/corina-weighing.se\/index.php?rest_route=\/wp\/v2\/media\/395"}],"wp:attachment":[{"href":"https:\/\/corina-weighing.se\/index.php?rest_route=%2Fwp%2Fv2%2Fmedia&parent=392"}],"wp:term":[{"taxonomy":"product_brand","embeddable":true,"href":"https:\/\/corina-weighing.se\/index.php?rest_route=%2Fwp%2Fv2%2Fproduct_brand&post=392"},{"taxonomy":"product_cat","embeddable":true,"href":"https:\/\/corina-weighing.se\/index.php?rest_route=%2Fwp%2Fv2%2Fproduct_cat&post=392"},{"taxonomy":"product_tag","embeddable":true,"href":"https:\/\/corina-weighing.se\/index.php?rest_route=%2Fwp%2Fv2%2Fproduct_tag&post=392"}],"curies":[{"name":"wp","href":"https:\/\/api.w.org\/{rel}","templated":true}]}}