{"id":4060,"date":"2020-02-06T16:50:37","date_gmt":"2020-02-06T16:50:37","guid":{"rendered":"https:\/\/corina-weighing.se\/?post_type=product&#038;p=4060"},"modified":"2023-08-29T07:47:45","modified_gmt":"2023-08-29T08:47:45","slug":"pelarvag_mpe_250k100pm","status":"publish","type":"product","link":"https:\/\/corina-weighing.se\/?product=pelarvag_mpe_250k100pm","title":{"rendered":"MPE 250K100PM Pelarv\u00e5g M-Klass III"},"content":{"rendered":"<p><span style=\"font-family: Arial; font-size: small;\"><b>Art.Nr. MPE 250K100PM<br \/>\n<\/b>Personv\u00e5g M-klass III<br \/>\nKapacitet: 250 kg<br \/>\nDelning: 100g<br \/>\n<\/span><span style=\"font-family: Arial; font-size: small;\"> Batteri:\u00a0 6 x 1,5 V AA<\/span><span style=\"font-family: Arial; font-size: small;\"><br \/>\nN\u00e4tadapter medf\u00f6ljer<br \/>\nUppladdningsbart batteri (Tillval)<br \/>\n<\/span>LCD Display (25 mm), display p\u00e5 framsidan och baksidan<br \/>\nBMI funktion<br \/>\nHOLD \/ Tare funktion<span style=\"font-family: Arial; font-size: small;\"><br \/>\n<b> M &#8211; Klass III Godk\u00e4nd<\/b><br \/>\nHjul f\u00f6r enkel f\u00f6rflyttning<br \/>\n<\/span>Vikt: 12 kg<span style=\"font-family: Arial; font-size: small;\"><br \/>\nGaranti 2 \u00e5r<br \/>\n2014\/31\/EU Directive on NON-Automatic Weighing Instrument<br \/>\n<b>Levereras godk\u00e4nd f\u00f6r anv\u00e4ndning inom sjukv\u00e5rden<\/b><\/span><\/p>\n<p><img loading=\"lazy\" decoding=\"async\" class=\"alignnone wp-image-4063 size-thumbnail\" src=\"https:\/\/corina-weighing.se\/wp-content\/uploads\/2020\/02\/img-mpe-M1-150x150.jpg\" alt=\"\" width=\"150\" height=\"150\" srcset=\"https:\/\/corina-weighing.se\/wp-content\/uploads\/2020\/02\/img-mpe-M1-150x150.jpg 150w, https:\/\/corina-weighing.se\/wp-content\/uploads\/2020\/02\/img-mpe-M1-324x324.jpg 324w, https:\/\/corina-weighing.se\/wp-content\/uploads\/2020\/02\/img-mpe-M1-100x100.jpg 100w\" sizes=\"auto, (max-width: 150px) 100vw, 150px\" \/><\/p>\n","protected":false},"excerpt":{"rendered":"<p>STORS\u00c4LJARE<\/p>\n<p>Kontakta oss f\u00f6r offert<br \/>\n<a href=\"mailto:info@corina-weighing.se\">info@corina-weighing.se<\/a><br \/>\nTel. 0730 \u2013 57 44 32<\/p>\n<p><a href=\"https:\/\/corina-weighing.se\/wp-content\/uploads\/2020\/02\/Broschyr.sl-mpe-gb.pdf\" target=\"_blank\" rel=\"noopener noreferrer\">Broschyr pdf<\/a><br \/>\n<a href=\"https:\/\/corina-weighing.se\/wp-content\/uploads\/2020\/02\/Bruksanvisning.MPE-M-BA-se-1852.sve_.pdf\" target=\"_blank\" rel=\"noopener noreferrer\">Bruksanvisning pdf<\/a><\/p>\n","protected":false},"featured_media":6561,"template":"","meta":[],"product_brand":[],"product_cat":[71],"product_tag":[],"class_list":{"0":"post-4060","1":"product","2":"type-product","3":"status-publish","4":"has-post-thumbnail","6":"product_cat-golv-och-pelarvagar-m-klass-iii","8":"first","9":"instock","10":"taxable","11":"shipping-taxable","12":"product-type-simple"},"jetpack_sharing_enabled":true,"_links":{"self":[{"href":"https:\/\/corina-weighing.se\/index.php?rest_route=\/wp\/v2\/product\/4060","targetHints":{"allow":["GET"]}}],"collection":[{"href":"https:\/\/corina-weighing.se\/index.php?rest_route=\/wp\/v2\/product"}],"about":[{"href":"https:\/\/corina-weighing.se\/index.php?rest_route=\/wp\/v2\/types\/product"}],"wp:featuredmedia":[{"embeddable":true,"href":"https:\/\/corina-weighing.se\/index.php?rest_route=\/wp\/v2\/media\/6561"}],"wp:attachment":[{"href":"https:\/\/corina-weighing.se\/index.php?rest_route=%2Fwp%2Fv2%2Fmedia&parent=4060"}],"wp:term":[{"taxonomy":"product_brand","embeddable":true,"href":"https:\/\/corina-weighing.se\/index.php?rest_route=%2Fwp%2Fv2%2Fproduct_brand&post=4060"},{"taxonomy":"product_cat","embeddable":true,"href":"https:\/\/corina-weighing.se\/index.php?rest_route=%2Fwp%2Fv2%2Fproduct_cat&post=4060"},{"taxonomy":"product_tag","embeddable":true,"href":"https:\/\/corina-weighing.se\/index.php?rest_route=%2Fwp%2Fv2%2Fproduct_tag&post=4060"}],"curies":[{"name":"wp","href":"https:\/\/api.w.org\/{rel}","templated":true}]}}