{"id":4091,"date":"2020-02-07T15:53:37","date_gmt":"2020-02-07T15:53:37","guid":{"rendered":"https:\/\/corina-weighing.se\/?post_type=product&#038;p=4091"},"modified":"2021-11-12T22:11:14","modified_gmt":"2021-11-12T22:11:14","slug":"mcc_250k100m_sittvag","status":"publish","type":"product","link":"https:\/\/corina-weighing.se\/?product=mcc_250k100m_sittvag","title":{"rendered":"MCC 250K100M Sittv\u00e5g M-Klass III"},"content":{"rendered":"<p><span style=\"font-family: Arial; font-size: small;\"><b>Art.Nr. MCC 250K100M<br \/>\n<\/b>Sittv\u00e5g, l\u00e4tt och enkel att flytta<br \/>\nSittm\u00e5tt: Bredd ca. 44cm x Djup 41cm<br \/>\nVikt: 24 kg<br \/>\nStor LCD display (25 mm)<br \/>\nBakre hjul vridbara med broms<br \/>\nFr\u00e4mre hjul \u00e4r fasta utan broms<br \/>\nUppf\u00e4llbara armst\u00f6d<br \/>\nUppf\u00e4llbara fotst\u00f6d<br \/>\nFunktion f\u00f6r BMI<br \/>\n<b> M &#8211; Klass III Godk\u00e4nd<\/b><br \/>\nKapacitet: 250 kg<br \/>\nDelning: 100 gram<br \/>\nN\u00e4tdrift \/ uppladdningsbara batterier<br \/>\n40h drift vid kontinuerlig v\u00e4gning<br \/>\nN\u00e4tadapter medf\u00f6ljer<br \/>\nGaranti 2 \u00e5r<br \/>\nApproved 93\/42\/EEC<br \/>\n<b>Levereras godk\u00e4nd f\u00f6r anv\u00e4ndning inom sjukv\u00e5rden<\/b><\/span><\/p>\n<p><img loading=\"lazy\" decoding=\"async\" class=\"alignnone wp-image-4095 size-thumbnail\" src=\"https:\/\/corina-weighing.se\/wp-content\/uploads\/2020\/02\/img-mcc-M11-150x150.jpg\" alt=\"\" width=\"150\" height=\"150\" srcset=\"https:\/\/corina-weighing.se\/wp-content\/uploads\/2020\/02\/img-mcc-M11-150x150.jpg 150w, https:\/\/corina-weighing.se\/wp-content\/uploads\/2020\/02\/img-mcc-M11-324x324.jpg 324w, https:\/\/corina-weighing.se\/wp-content\/uploads\/2020\/02\/img-mcc-M11-100x100.jpg 100w\" sizes=\"auto, (max-width: 150px) 100vw, 150px\" \/><img loading=\"lazy\" decoding=\"async\" class=\"alignnone wp-image-4094 size-thumbnail\" src=\"https:\/\/corina-weighing.se\/wp-content\/uploads\/2020\/02\/img-mcc-M4-150x150.jpg\" alt=\"\" width=\"150\" height=\"150\" srcset=\"https:\/\/corina-weighing.se\/wp-content\/uploads\/2020\/02\/img-mcc-M4-150x150.jpg 150w, https:\/\/corina-weighing.se\/wp-content\/uploads\/2020\/02\/img-mcc-M4-324x324.jpg 324w, https:\/\/corina-weighing.se\/wp-content\/uploads\/2020\/02\/img-mcc-M4-100x100.jpg 100w\" sizes=\"auto, (max-width: 150px) 100vw, 150px\" \/><img loading=\"lazy\" decoding=\"async\" class=\"alignnone wp-image-5883 size-thumbnail\" src=\"https:\/\/corina-weighing.se\/wp-content\/uploads\/2020\/02\/img-mcc-M10-150x150.jpg\" alt=\"\" width=\"150\" height=\"150\" srcset=\"https:\/\/corina-weighing.se\/wp-content\/uploads\/2020\/02\/img-mcc-M10-150x150.jpg 150w, https:\/\/corina-weighing.se\/wp-content\/uploads\/2020\/02\/img-mcc-M10-324x324.jpg 324w, https:\/\/corina-weighing.se\/wp-content\/uploads\/2020\/02\/img-mcc-M10-100x100.jpg 100w\" sizes=\"auto, (max-width: 150px) 100vw, 150px\" \/><img loading=\"lazy\" decoding=\"async\" class=\"alignnone wp-image-5884 size-thumbnail\" src=\"https:\/\/corina-weighing.se\/wp-content\/uploads\/2020\/02\/img-hr-mcc-detail-wheel-brake-moving-150x150.jpg\" alt=\"\" width=\"150\" height=\"150\" srcset=\"https:\/\/corina-weighing.se\/wp-content\/uploads\/2020\/02\/img-hr-mcc-detail-wheel-brake-moving-150x150.jpg 150w, https:\/\/corina-weighing.se\/wp-content\/uploads\/2020\/02\/img-hr-mcc-detail-wheel-brake-moving-324x324.jpg 324w, https:\/\/corina-weighing.se\/wp-content\/uploads\/2020\/02\/img-hr-mcc-detail-wheel-brake-moving-100x100.jpg 100w\" sizes=\"auto, (max-width: 150px) 100vw, 150px\" \/><\/p>\n","protected":false},"excerpt":{"rendered":"<p align=\"left\">Kontakta oss f\u00f6r offert<br \/>\n<a href=\"mailto:info@corina-weighing.se\">info@corina-weighing.se<\/a><br \/>\nTel. 0730 &#8211; 57 44 32<\/p>\n<p><a href=\"https:\/\/corina-weighing.se\/wp-content\/uploads\/2020\/02\/Broschyr.sl-med-mcc-eng.pdf\" target=\"_blank\" rel=\"noopener noreferrer\">Broschyr pdf<\/a><br \/>\n<a href=\"https:\/\/corina-weighing.se\/wp-content\/uploads\/2020\/02\/Bruksanvisning.MCC_M-BA-se-1731.sve_.pdf\" target=\"_blank\" rel=\"noopener noreferrer\">Bruksanvisning pdf (Svenska)<\/a><br \/>\n<a href=\"https:\/\/corina-weighing.se\/wp-content\/uploads\/2020\/02\/data.sheet_.td-MCC_250K100M_en.pdf\" target=\"_blank\" rel=\"noopener noreferrer\">Data sheet pdf<\/a><br \/>\n<a href=\"https:\/\/corina-weighing.se\/?product_cat=ytdesinfektion\" target=\"_blank\" rel=\"noopener\">Yt-Desinfektion (\u00f6ppnas i nytt f\u00f6nster)<\/a><\/p>\n","protected":false},"featured_media":4092,"template":"","meta":[],"product_brand":[],"product_cat":[67],"product_tag":[],"class_list":{"0":"post-4091","1":"product","2":"type-product","3":"status-publish","4":"has-post-thumbnail","6":"product_cat-sittvagar","8":"first","9":"instock","10":"taxable","11":"shipping-taxable","12":"product-type-simple"},"jetpack_sharing_enabled":true,"_links":{"self":[{"href":"https:\/\/corina-weighing.se\/index.php?rest_route=\/wp\/v2\/product\/4091","targetHints":{"allow":["GET"]}}],"collection":[{"href":"https:\/\/corina-weighing.se\/index.php?rest_route=\/wp\/v2\/product"}],"about":[{"href":"https:\/\/corina-weighing.se\/index.php?rest_route=\/wp\/v2\/types\/product"}],"wp:featuredmedia":[{"embeddable":true,"href":"https:\/\/corina-weighing.se\/index.php?rest_route=\/wp\/v2\/media\/4092"}],"wp:attachment":[{"href":"https:\/\/corina-weighing.se\/index.php?rest_route=%2Fwp%2Fv2%2Fmedia&parent=4091"}],"wp:term":[{"taxonomy":"product_brand","embeddable":true,"href":"https:\/\/corina-weighing.se\/index.php?rest_route=%2Fwp%2Fv2%2Fproduct_brand&post=4091"},{"taxonomy":"product_cat","embeddable":true,"href":"https:\/\/corina-weighing.se\/index.php?rest_route=%2Fwp%2Fv2%2Fproduct_cat&post=4091"},{"taxonomy":"product_tag","embeddable":true,"href":"https:\/\/corina-weighing.se\/index.php?rest_route=%2Fwp%2Fv2%2Fproduct_tag&post=4091"}],"curies":[{"name":"wp","href":"https:\/\/api.w.org\/{rel}","templated":true}]}}