{"id":4886,"date":"2020-03-08T17:55:09","date_gmt":"2020-03-08T17:55:09","guid":{"rendered":"https:\/\/corina-weighing.se\/?post_type=product&#038;p=4886"},"modified":"2024-07-20T08:54:16","modified_gmt":"2024-07-20T09:54:16","slug":"kranvag-hfm","status":"publish","type":"product","link":"https:\/\/corina-weighing.se\/?product=kranvag-hfm","title":{"rendered":"Kranv\u00e5g HFM Kapacitet: 1000 &#8211; 10 000 kg"},"content":{"rendered":"<p>&nbsp;<\/p>\n<p>&nbsp;<\/p>\n<p>Robust industrial crane scale with bright LED display for optimum reading in unfavourable ambient conditions<\/p>\n<ul>\n<li>With the T\u00dcV\u00a0certification\u00a0mark, the scale meets the requirements of the standard EN 13155 (Non-fixed load lifting attachments\/Breakage resistance) and EN 61010-1 (Electrical safety)<\/li>\n<li>Professional device for robust applications in production, quality control, logistics etc. Because of its stable construction and robust design, it is ideal for continuous use in industrial environment<\/li>\n<li>High mobility: thanks to rechargeable battery operation, compact, lightweight construction, it is suitable for the use in several locations (production, warehouse, dispatch department, etc.)<\/li>\n<li>Adaptation of the readout to unstable environmental conditions at the push of a button (you can select between 3 levels)<\/li>\n<li>Hold function: For easy reading of the weighing result, the display can be \u201efrozen\u201c by pressing the Hold key<\/li>\n<li>Tare: Resets the display to \u201e0\u201c when there is a load on the scale. Now removed or added loads are directly displayed<\/li>\n<li>Hook with safety catch, revolving<\/li>\n<li>Radio remote control standard. Range up to 20 m. All functions can be selected (excl. ON\/OFF). W\u00d7D\u00d7H 48\u00d710\u00d795 mm. Batteries included, 12 V, Typ 23A<\/li>\n<\/ul>\n<p><img loading=\"lazy\" decoding=\"async\" class=\"alignnone wp-image-7060 size-medium\" src=\"https:\/\/corina-weighing.se\/wp-content\/uploads\/2020\/03\/drw-hfm-hfo-1-2-287x300.jpg\" alt=\"\" width=\"287\" height=\"300\" srcset=\"https:\/\/corina-weighing.se\/wp-content\/uploads\/2020\/03\/drw-hfm-hfo-1-2-287x300.jpg 287w, https:\/\/corina-weighing.se\/wp-content\/uploads\/2020\/03\/drw-hfm-hfo-1-2-416x435.jpg 416w, https:\/\/corina-weighing.se\/wp-content\/uploads\/2020\/03\/drw-hfm-hfo-1-2.jpg 764w\" sizes=\"auto, (max-width: 287px) 100vw, 287px\" \/> <img loading=\"lazy\" decoding=\"async\" class=\"alignnone wp-image-7061 size-medium\" src=\"https:\/\/corina-weighing.se\/wp-content\/uploads\/2020\/03\/img-hfb-M1-1-206x300.jpg\" alt=\"\" width=\"206\" height=\"300\" srcset=\"https:\/\/corina-weighing.se\/wp-content\/uploads\/2020\/03\/img-hfb-M1-1-206x300.jpg 206w, https:\/\/corina-weighing.se\/wp-content\/uploads\/2020\/03\/img-hfb-M1-1-416x607.jpg 416w, https:\/\/corina-weighing.se\/wp-content\/uploads\/2020\/03\/img-hfb-M1-1.jpg 548w\" sizes=\"auto, (max-width: 206px) 100vw, 206px\" \/> <img loading=\"lazy\" decoding=\"async\" class=\"alignnone wp-image-7062 size-medium\" src=\"https:\/\/corina-weighing.se\/wp-content\/uploads\/2020\/03\/Type_tested-1-300x300.jpg\" alt=\"\" width=\"300\" height=\"300\" srcset=\"https:\/\/corina-weighing.se\/wp-content\/uploads\/2020\/03\/Type_tested-1-300x300.jpg 300w, https:\/\/corina-weighing.se\/wp-content\/uploads\/2020\/03\/Type_tested-1-324x324.jpg 324w, https:\/\/corina-weighing.se\/wp-content\/uploads\/2020\/03\/Type_tested-1-100x100.jpg 100w, https:\/\/corina-weighing.se\/wp-content\/uploads\/2020\/03\/Type_tested-1-416x416.jpg 416w, https:\/\/corina-weighing.se\/wp-content\/uploads\/2020\/03\/Type_tested-1-150x150.jpg 150w, https:\/\/corina-weighing.se\/wp-content\/uploads\/2020\/03\/Type_tested-1-768x768.jpg 768w, https:\/\/corina-weighing.se\/wp-content\/uploads\/2020\/03\/Type_tested-1.jpg 800w\" sizes=\"auto, (max-width: 300px) 100vw, 300px\" \/><\/p>\n","protected":false},"excerpt":{"rendered":"<p>Kontakta oss!<br \/>\n<a href=\"mailto:info@corina-weighing.se\">info@corina-weighing.se<\/a><br \/>\nTel. 0730 \u2013 57 44 32<\/p>\n<p><a href=\"https:\/\/corina-weighing.se\/wp-content\/uploads\/2020\/03\/Broschyr.sl-hfm-gb_2.pdf\" target=\"_blank\" rel=\"noopener noreferrer\">Broschyr pdf<\/a><br \/>\n<a href=\"https:\/\/corina-weighing.se\/wp-content\/uploads\/2020\/03\/Bruksanvisning.ENG_.HFM-BA-e-1813.pdf\" target=\"_blank\" rel=\"noopener noreferrer\">Bruksanvisning pdf (Engelska)<\/a><br \/>\n<a href=\"https:\/\/corina-weighing.se\/wp-content\/uploads\/2020\/03\/Info.battery_ZB_1811.pdf\" target=\"_blank\" rel=\"noopener noreferrer\">Information om batteriet pdf<\/a><br \/>\n<a href=\"https:\/\/corina-weighing.se\/wp-content\/uploads\/2020\/03\/Safetydata.6v3.2amsds2017\u5e74.pdf\" target=\"_blank\" rel=\"noopener noreferrer\">Safety Data pdf<\/a><br \/>\n<a href=\"https:\/\/corina-weighing.se\/wp-content\/uploads\/2020\/03\/Declaration.QXPCE-ST-166-HFBHFM-2016.04.20.01-DE.pdf\" target=\"_blank\" rel=\"noopener noreferrer\">Declaration of Conformity pdf<\/a><\/p>\n","protected":false},"featured_media":7057,"template":"","meta":[],"product_brand":[],"product_cat":[48],"product_tag":[],"class_list":{"0":"post-4886","1":"product","2":"type-product","3":"status-publish","4":"has-post-thumbnail","6":"product_cat-kranvagar","7":"product_shipping_class-52","8":"pa_kapacitet-10-000-kg","9":"pa_kapacitet-1000kg","10":"pa_kapacitet-3000-kg","11":"pa_kapacitet-5000-kg","13":"first","14":"instock","15":"taxable","16":"shipping-taxable","17":"product-type-variable"},"jetpack_sharing_enabled":true,"_links":{"self":[{"href":"https:\/\/corina-weighing.se\/index.php?rest_route=\/wp\/v2\/product\/4886","targetHints":{"allow":["GET"]}}],"collection":[{"href":"https:\/\/corina-weighing.se\/index.php?rest_route=\/wp\/v2\/product"}],"about":[{"href":"https:\/\/corina-weighing.se\/index.php?rest_route=\/wp\/v2\/types\/product"}],"wp:featuredmedia":[{"embeddable":true,"href":"https:\/\/corina-weighing.se\/index.php?rest_route=\/wp\/v2\/media\/7057"}],"wp:attachment":[{"href":"https:\/\/corina-weighing.se\/index.php?rest_route=%2Fwp%2Fv2%2Fmedia&parent=4886"}],"wp:term":[{"taxonomy":"product_brand","embeddable":true,"href":"https:\/\/corina-weighing.se\/index.php?rest_route=%2Fwp%2Fv2%2Fproduct_brand&post=4886"},{"taxonomy":"product_cat","embeddable":true,"href":"https:\/\/corina-weighing.se\/index.php?rest_route=%2Fwp%2Fv2%2Fproduct_cat&post=4886"},{"taxonomy":"product_tag","embeddable":true,"href":"https:\/\/corina-weighing.se\/index.php?rest_route=%2Fwp%2Fv2%2Fproduct_tag&post=4886"}],"curies":[{"name":"wp","href":"https:\/\/api.w.org\/{rel}","templated":true}]}}