{"id":5843,"date":"2020-04-20T17:08:11","date_gmt":"2020-04-20T17:08:11","guid":{"rendered":"https:\/\/corina-weighing.se\/?post_type=product&#038;p=5843"},"modified":"2024-07-22T10:27:19","modified_gmt":"2024-07-22T11:27:19","slug":"ems-300g-12kg","status":"publish","type":"product","link":"https:\/\/corina-weighing.se\/?product=ems-300g-12kg","title":{"rendered":"EMS (300g-12kg)"},"content":{"rendered":"<p>Entry level laboratory balance with large weighing plate<\/p>\n<ul id=\"kernList1\">\n<li>Especially suitable for use in schools and universities, for example for biology, chemistry, physics<\/li>\n<li>Large, shock proof weighing plate made of plastic, with conductive lacquer<\/li>\n<li>Particularly flat design<\/li>\n<li>Ergonomically optimised key pad with large keys and a high-contrast LCD display<\/li>\n<li>Secure and non-slip positioning with rubber feet<\/li>\n<li>Adjusting program CAL for quick setting of the balance accuracy,<a class=\"lexikon_link\" style=\"font-family: arial, Helvetica, sans-serif; font-size: 12px; text-decoration: none; color: black; border-bottom: 1px dashed #999999;\">external test weight<\/a>s at an additional price<\/li>\n<li><a class=\"lexikon_link\" style=\"font-family: arial, Helvetica, sans-serif; font-size: 12px; text-decoration: none; color: black; border-bottom: 1px dashed #999999;\">Draught shield<\/a>\u00a0standard for models with weighing plate size \u00d8 105 mm, weighing space W\u00d7D\u00d7H 145\u00d7145\u00d765 mm<\/li>\n<li>In order to make it easier for you to make the right choice of KERN balance, we have included a quality code for each model, which is made up of two quality features and will give you technical data and pictograms in addition to the product features. This will help you to make the decision on the perfect balance for your application, please click <span style=\"color: #3366ff;\"><a style=\"color: #3366ff;\" href=\"https:\/\/corina-weighing.se\/wp-content\/uploads\/2020\/04\/CODE.KERN_quality_code_precision_balances.pdf\" target=\"_blank\" rel=\"noopener noreferrer\"><span style=\"color: #0000ff;\">Here<\/span><\/a><\/span>\u00a0for more information<\/li>\n<\/ul>\n<p><img loading=\"lazy\" decoding=\"async\" class=\"alignnone wp-image-5845 size-thumbnail\" src=\"https:\/\/corina-weighing.se\/wp-content\/uploads\/2020\/04\/EMS_0001-150x150.jpg\" alt=\"\" width=\"150\" height=\"150\" srcset=\"https:\/\/corina-weighing.se\/wp-content\/uploads\/2020\/04\/EMS_0001-150x150.jpg 150w, https:\/\/corina-weighing.se\/wp-content\/uploads\/2020\/04\/EMS_0001-324x324.jpg 324w, https:\/\/corina-weighing.se\/wp-content\/uploads\/2020\/04\/EMS_0001-100x100.jpg 100w\" sizes=\"auto, (max-width: 150px) 100vw, 150px\" \/><\/p>\n","protected":false},"excerpt":{"rendered":"<p>Kontakta oss f\u00f6r offert<br \/>\ninfo@corina-weighing.se<br \/>\nTel. 0730 \u2013 57 44 32<\/p>\n<p><a href=\"https:\/\/corina-weighing.se\/wp-content\/uploads\/2020\/04\/Broschyr.sl-ems-gb_2.pdf\" target=\"_blank\" rel=\"noopener noreferrer\">Broschyr pdf<\/a><br \/>\n<a href=\"https:\/\/corina-weighing.se\/wp-content\/uploads\/2020\/04\/Manual.ENG_.EMS-BA-e-1716.pdf\" target=\"_blank\" rel=\"noopener noreferrer\">Manual pdf (English)<\/a><br \/>\n<a href=\"https:\/\/corina-weighing.se\/wp-content\/uploads\/2020\/04\/Manual.SWE_.1356x257108_kern-ka-swe-0810-15.pdf\" target=\"_blank\" rel=\"noopener noreferrer\">Manual pdf (Svenska)<\/a><br \/>\n<a href=\"https:\/\/corina-weighing.se\/wp-content\/uploads\/2020\/04\/Declaration.QXPCE-ST-155-EMS-2016.04.20.01-DE.pdf\" target=\"_blank\" rel=\"noopener noreferrer\">Declaration of Conformity pdf<\/a><\/p>\n","protected":false},"featured_media":5844,"template":"","meta":[],"product_brand":[],"product_cat":[47,289],"product_tag":[],"class_list":{"0":"post-5843","1":"product","2":"type-product","3":"status-publish","4":"has-post-thumbnail","6":"product_cat-bordsvagar","7":"product_cat-precisionsvagar","9":"first","10":"instock","11":"taxable","12":"shipping-taxable","13":"product-type-variable"},"jetpack_sharing_enabled":true,"_links":{"self":[{"href":"https:\/\/corina-weighing.se\/index.php?rest_route=\/wp\/v2\/product\/5843","targetHints":{"allow":["GET"]}}],"collection":[{"href":"https:\/\/corina-weighing.se\/index.php?rest_route=\/wp\/v2\/product"}],"about":[{"href":"https:\/\/corina-weighing.se\/index.php?rest_route=\/wp\/v2\/types\/product"}],"wp:featuredmedia":[{"embeddable":true,"href":"https:\/\/corina-weighing.se\/index.php?rest_route=\/wp\/v2\/media\/5844"}],"wp:attachment":[{"href":"https:\/\/corina-weighing.se\/index.php?rest_route=%2Fwp%2Fv2%2Fmedia&parent=5843"}],"wp:term":[{"taxonomy":"product_brand","embeddable":true,"href":"https:\/\/corina-weighing.se\/index.php?rest_route=%2Fwp%2Fv2%2Fproduct_brand&post=5843"},{"taxonomy":"product_cat","embeddable":true,"href":"https:\/\/corina-weighing.se\/index.php?rest_route=%2Fwp%2Fv2%2Fproduct_cat&post=5843"},{"taxonomy":"product_tag","embeddable":true,"href":"https:\/\/corina-weighing.se\/index.php?rest_route=%2Fwp%2Fv2%2Fproduct_tag&post=5843"}],"curies":[{"name":"wp","href":"https:\/\/api.w.org\/{rel}","templated":true}]}}