{"id":6132,"date":"2020-10-03T13:57:50","date_gmt":"2020-10-03T13:57:50","guid":{"rendered":"https:\/\/corina-weighing.se\/?post_type=product&#038;p=6132"},"modified":"2024-04-23T12:04:20","modified_gmt":"2024-04-23T13:04:20","slug":"mpc-lm-golvvag-m-klass-iii-300kg","status":"publish","type":"product","link":"https:\/\/corina-weighing.se\/?product=mpc-lm-golvvag-m-klass-iii-300kg","title":{"rendered":"MPC-LM Golvv\u00e5g M-Klass III (300kg)"},"content":{"rendered":"<p>MPC-LM Golvv\u00e5g M-Klass III<br \/>\nKapacitet: 300 kg<br \/>\nDelning: 100 gram<br \/>\nBMI funktion<br \/>\nHOLD funktion<br \/>\nHalkskydd<br \/>\nStor LCD display (25mm, Backlight)<br \/>\nKabell\u00e4ngd: 150cm<br \/>\nVikt: 10 kg<br \/>\nPlattform: 400 x 500 x 120mm<br \/>\nN\u00e4t \/ Batteridrift 6 x AA<br \/>\nDrifttid: 40 h kontinuerlig v\u00e4gning<br \/>\nUppladdningsbart batteri (Tillval) <span style=\"color: #0000ff;\"><a style=\"color: #0000ff;\" href=\"https:\/\/corina-weighing.se\/?product=mbc-a08-rechargeable-battery-pack\"><strong>MBC-A08 Rechargeable battery pack<\/strong><\/a><\/span><br \/>\nAdapter medf\u00f6ljer<br \/>\n<b> M \u2013 Klass III Godk\u00e4nd<\/b><br \/>\nGaranti 2 \u00e5r<br \/>\n2014\/31\/EU Directive on NON-Automatic Weighing Instrument<br \/>\n93\/42EEC Medical Devices Directive<br \/>\n<b>Levereras godk\u00e4nd f\u00f6r anv\u00e4ndning inom sjukv\u00e5rden<\/b><\/p>\n<p><img loading=\"lazy\" decoding=\"async\" class=\"alignnone wp-image-6126 size-medium\" src=\"https:\/\/corina-weighing.se\/wp-content\/uploads\/2020\/10\/img-mpc-M5-159x300.jpg\" alt=\"\" width=\"159\" height=\"300\" srcset=\"https:\/\/corina-weighing.se\/wp-content\/uploads\/2020\/10\/img-mpc-M5-159x300.jpg 159w, https:\/\/corina-weighing.se\/wp-content\/uploads\/2020\/10\/img-mpc-M5-416x787.jpg 416w, https:\/\/corina-weighing.se\/wp-content\/uploads\/2020\/10\/img-mpc-M5.jpg 423w\" sizes=\"auto, (max-width: 159px) 100vw, 159px\" \/><\/p>\n","protected":false},"excerpt":{"rendered":"<p>Kontakta oss f\u00f6r offert<br \/>\n<a href=\"mailto:info@corina-weighing.se\">info@corina-weighing.se<\/a><br \/>\nTel. 0730 \u2013 57 44 32<\/p>\n<p><a href=\"https:\/\/corina-weighing.se\/wp-content\/uploads\/2020\/10\/Broschyr.sl-mpc-gb_1.pdf\" target=\"_blank\" rel=\"noopener noreferrer\">Broschyr pdf<\/a><br \/>\n<a href=\"https:\/\/corina-weighing.se\/wp-content\/uploads\/2020\/10\/Manual.ENG_.MPC-M-BA-e-1842.pdf\" target=\"_blank\" rel=\"noopener noreferrer\">Manual pdf (English)<\/a><br \/>\n<a href=\"https:\/\/corina-weighing.se\/wp-content\/uploads\/2020\/10\/Manual.SWE_.1356x257108_kern-ka-swe-0810-2.pdf\" target=\"_blank\" rel=\"noopener noreferrer\">Manual pdf (Svenska)<\/a><br \/>\n<a href=\"https:\/\/corina-weighing.se\/wp-content\/uploads\/2020\/10\/Declaration.qxpce-st-222-mbc-nmmcc-nmmpcmpc-nmmpd250k100nmmpe250k100hnmmpe250k100pnmmta-nmmwa-nm-2020.07.07.00-se_1.pdf\" target=\"_blank\" rel=\"noopener noreferrer\">Declaration of Conformity pdf<\/a><\/p>\n","protected":false},"featured_media":6133,"template":"","meta":[],"product_brand":[],"product_cat":[71],"product_tag":[],"class_list":{"0":"post-6132","1":"product","2":"type-product","3":"status-publish","4":"has-post-thumbnail","6":"product_cat-golv-och-pelarvagar-m-klass-iii","8":"first","9":"instock","10":"taxable","11":"shipping-taxable","12":"product-type-simple"},"jetpack_sharing_enabled":true,"_links":{"self":[{"href":"https:\/\/corina-weighing.se\/index.php?rest_route=\/wp\/v2\/product\/6132","targetHints":{"allow":["GET"]}}],"collection":[{"href":"https:\/\/corina-weighing.se\/index.php?rest_route=\/wp\/v2\/product"}],"about":[{"href":"https:\/\/corina-weighing.se\/index.php?rest_route=\/wp\/v2\/types\/product"}],"wp:featuredmedia":[{"embeddable":true,"href":"https:\/\/corina-weighing.se\/index.php?rest_route=\/wp\/v2\/media\/6133"}],"wp:attachment":[{"href":"https:\/\/corina-weighing.se\/index.php?rest_route=%2Fwp%2Fv2%2Fmedia&parent=6132"}],"wp:term":[{"taxonomy":"product_brand","embeddable":true,"href":"https:\/\/corina-weighing.se\/index.php?rest_route=%2Fwp%2Fv2%2Fproduct_brand&post=6132"},{"taxonomy":"product_cat","embeddable":true,"href":"https:\/\/corina-weighing.se\/index.php?rest_route=%2Fwp%2Fv2%2Fproduct_cat&post=6132"},{"taxonomy":"product_tag","embeddable":true,"href":"https:\/\/corina-weighing.se\/index.php?rest_route=%2Fwp%2Fv2%2Fproduct_tag&post=6132"}],"curies":[{"name":"wp","href":"https:\/\/api.w.org\/{rel}","templated":true}]}}