{"id":628,"date":"2019-08-18T15:59:32","date_gmt":"2019-08-18T15:59:32","guid":{"rendered":"https:\/\/corina-weighing.se\/?post_type=product&#038;p=628"},"modified":"2024-09-24T07:39:59","modified_gmt":"2024-09-24T08:39:59","slug":"vaska_till_m310_babyvag","status":"publish","type":"product","link":"https:\/\/corina-weighing.se\/?product=vaska_till_m310_babyvag","title":{"rendered":"V\u00e4ska till M-310 Babyv\u00e5g"},"content":{"rendered":"","protected":false},"excerpt":{"rendered":"<p>Kontakta oss f\u00f6r offert<br \/>\nE-post. <a href=\"mailto:info@corina-weighing.se\">info@corina-weighing.se <\/a><br \/>\nTel. 0730 &#8211; 57 44 32<\/p>\n<p><span style=\"font-family: Arial; font-size: small;\"><b>Art.Nr M31 091B<\/b><br \/>\n<\/span>V\u00e4ska till babyv\u00e5g M-310<\/p>\n","protected":false},"featured_media":629,"template":"","meta":[],"product_brand":[],"product_cat":[82],"product_tag":[],"class_list":{"0":"post-628","1":"product","2":"type-product","3":"status-publish","4":"has-post-thumbnail","6":"product_cat-vaskor","7":"product_shipping_class-211","9":"first","10":"instock","11":"taxable","12":"shipping-taxable","13":"purchasable","14":"product-type-simple"},"jetpack_sharing_enabled":true,"_links":{"self":[{"href":"https:\/\/corina-weighing.se\/index.php?rest_route=\/wp\/v2\/product\/628","targetHints":{"allow":["GET"]}}],"collection":[{"href":"https:\/\/corina-weighing.se\/index.php?rest_route=\/wp\/v2\/product"}],"about":[{"href":"https:\/\/corina-weighing.se\/index.php?rest_route=\/wp\/v2\/types\/product"}],"wp:featuredmedia":[{"embeddable":true,"href":"https:\/\/corina-weighing.se\/index.php?rest_route=\/wp\/v2\/media\/629"}],"wp:attachment":[{"href":"https:\/\/corina-weighing.se\/index.php?rest_route=%2Fwp%2Fv2%2Fmedia&parent=628"}],"wp:term":[{"taxonomy":"product_brand","embeddable":true,"href":"https:\/\/corina-weighing.se\/index.php?rest_route=%2Fwp%2Fv2%2Fproduct_brand&post=628"},{"taxonomy":"product_cat","embeddable":true,"href":"https:\/\/corina-weighing.se\/index.php?rest_route=%2Fwp%2Fv2%2Fproduct_cat&post=628"},{"taxonomy":"product_tag","embeddable":true,"href":"https:\/\/corina-weighing.se\/index.php?rest_route=%2Fwp%2Fv2%2Fproduct_tag&post=628"}],"curies":[{"name":"wp","href":"https:\/\/api.w.org\/{rel}","templated":true}]}}