{"id":6370,"date":"2021-03-03T15:02:20","date_gmt":"2021-03-03T15:02:20","guid":{"rendered":"https:\/\/corina-weighing.se\/?post_type=product&#038;p=6370"},"modified":"2025-05-01T00:05:36","modified_gmt":"2025-05-01T01:05:36","slug":"m403020-sittvag-m-klass-iii","status":"publish","type":"product","link":"https:\/\/corina-weighing.se\/?product=m403020-sittvag-m-klass-iii","title":{"rendered":"M403020 Sittv\u00e5g M-Klass III"},"content":{"rendered":"<ul>\n<li>Capacity 250kg x 100g<\/li>\n<li>Seat height 490mm<\/li>\n<li>Dimensions 600 x 850 x 960mm<\/li>\n<li>Automatic zero setting<\/li>\n<li>Tare<\/li>\n<li>Pre-tare with 10 memories<\/li>\n<li>Hold function<\/li>\n<li>BMI function<\/li>\n<li>Low battery indication<\/li>\n<li>Auto switch off<\/li>\n<li>RS232 interface<\/li>\n<li>Power supply: Mains and rechargeable batteries<\/li>\n<li>Stable metal frame construction<\/li>\n<li>Adjusted seat height especially for older patients<\/li>\n<li>Large, foldable foot rests<\/li>\n<li>4 steering wheels, 2 of them fitted with brakes<\/li>\n<li>2014\/31\/EU Directive on NON-Automatic Weighing Instrument<\/li>\n<li>93\/42EEC Medical Devices Directive<\/li>\n<li><b style=\"font-family: Arial; font-size: small;\">Levereras godk\u00e4nd f\u00f6r anv\u00e4ndning inom sjukv\u00e5rden<\/b><\/li>\n<\/ul>\n<p><img loading=\"lazy\" decoding=\"async\" class=\"alignnone wp-image-6373 size-thumbnail\" src=\"https:\/\/corina-weighing.se\/wp-content\/uploads\/2021\/03\/02_ADE_Stuhlwaage_M403020_2048x2048-1-768x768-1-150x150.jpg\" alt=\"\" width=\"150\" height=\"150\" srcset=\"https:\/\/corina-weighing.se\/wp-content\/uploads\/2021\/03\/02_ADE_Stuhlwaage_M403020_2048x2048-1-768x768-1-150x150.jpg 150w, https:\/\/corina-weighing.se\/wp-content\/uploads\/2021\/03\/02_ADE_Stuhlwaage_M403020_2048x2048-1-768x768-1-324x324.jpg 324w, https:\/\/corina-weighing.se\/wp-content\/uploads\/2021\/03\/02_ADE_Stuhlwaage_M403020_2048x2048-1-768x768-1-100x100.jpg 100w, https:\/\/corina-weighing.se\/wp-content\/uploads\/2021\/03\/02_ADE_Stuhlwaage_M403020_2048x2048-1-768x768-1-416x416.jpg 416w, https:\/\/corina-weighing.se\/wp-content\/uploads\/2021\/03\/02_ADE_Stuhlwaage_M403020_2048x2048-1-768x768-1-300x300.jpg 300w, https:\/\/corina-weighing.se\/wp-content\/uploads\/2021\/03\/02_ADE_Stuhlwaage_M403020_2048x2048-1-768x768-1.jpg 768w\" sizes=\"auto, (max-width: 150px) 100vw, 150px\" \/><img loading=\"lazy\" decoding=\"async\" class=\"alignnone wp-image-6374 size-thumbnail\" src=\"https:\/\/corina-weighing.se\/wp-content\/uploads\/2021\/03\/03_ADE_Stuhlwaage_M403020_2048x2048-1-768x768-1-150x150.jpg\" alt=\"\" width=\"150\" height=\"150\" srcset=\"https:\/\/corina-weighing.se\/wp-content\/uploads\/2021\/03\/03_ADE_Stuhlwaage_M403020_2048x2048-1-768x768-1-150x150.jpg 150w, https:\/\/corina-weighing.se\/wp-content\/uploads\/2021\/03\/03_ADE_Stuhlwaage_M403020_2048x2048-1-768x768-1-324x324.jpg 324w, https:\/\/corina-weighing.se\/wp-content\/uploads\/2021\/03\/03_ADE_Stuhlwaage_M403020_2048x2048-1-768x768-1-100x100.jpg 100w, https:\/\/corina-weighing.se\/wp-content\/uploads\/2021\/03\/03_ADE_Stuhlwaage_M403020_2048x2048-1-768x768-1-416x416.jpg 416w, https:\/\/corina-weighing.se\/wp-content\/uploads\/2021\/03\/03_ADE_Stuhlwaage_M403020_2048x2048-1-768x768-1-300x300.jpg 300w, https:\/\/corina-weighing.se\/wp-content\/uploads\/2021\/03\/03_ADE_Stuhlwaage_M403020_2048x2048-1-768x768-1.jpg 768w\" sizes=\"auto, (max-width: 150px) 100vw, 150px\" \/><\/p>\n","protected":false},"excerpt":{"rendered":"<p align=\"left\">Kontakta oss f\u00f6r offert<br \/>\n<a href=\"mailto:info@corina-weighing.se\">info@corina-weighing.se<\/a><br \/>\nTel. 0730 &#8211; 57 44 32<span style=\"font-family: Arial; font-size: small;\"><b><\/b><br \/>\n<\/span><\/p>\n<p align=\"left\"><a href=\"https:\/\/corina-weighing.se\/wp-content\/uploads\/2021\/03\/Broschyr.M403020_2014.pdf\" target=\"_blank\" rel=\"noopener\">Broschyr pdf<\/a><\/p>\n","protected":false},"featured_media":6371,"template":"","meta":[],"product_brand":[],"product_cat":[67],"product_tag":[],"class_list":{"0":"post-6370","1":"product","2":"type-product","3":"status-publish","4":"has-post-thumbnail","6":"product_cat-sittvagar","7":"product_shipping_class-eupall","9":"first","10":"instock","11":"taxable","12":"shipping-taxable","13":"purchasable","14":"product-type-simple"},"jetpack_sharing_enabled":true,"_links":{"self":[{"href":"https:\/\/corina-weighing.se\/index.php?rest_route=\/wp\/v2\/product\/6370","targetHints":{"allow":["GET"]}}],"collection":[{"href":"https:\/\/corina-weighing.se\/index.php?rest_route=\/wp\/v2\/product"}],"about":[{"href":"https:\/\/corina-weighing.se\/index.php?rest_route=\/wp\/v2\/types\/product"}],"wp:featuredmedia":[{"embeddable":true,"href":"https:\/\/corina-weighing.se\/index.php?rest_route=\/wp\/v2\/media\/6371"}],"wp:attachment":[{"href":"https:\/\/corina-weighing.se\/index.php?rest_route=%2Fwp%2Fv2%2Fmedia&parent=6370"}],"wp:term":[{"taxonomy":"product_brand","embeddable":true,"href":"https:\/\/corina-weighing.se\/index.php?rest_route=%2Fwp%2Fv2%2Fproduct_brand&post=6370"},{"taxonomy":"product_cat","embeddable":true,"href":"https:\/\/corina-weighing.se\/index.php?rest_route=%2Fwp%2Fv2%2Fproduct_cat&post=6370"},{"taxonomy":"product_tag","embeddable":true,"href":"https:\/\/corina-weighing.se\/index.php?rest_route=%2Fwp%2Fv2%2Fproduct_tag&post=6370"}],"curies":[{"name":"wp","href":"https:\/\/api.w.org\/{rel}","templated":true}]}}