{"id":6375,"date":"2021-03-03T20:19:08","date_gmt":"2021-03-03T20:19:08","guid":{"rendered":"https:\/\/corina-weighing.se\/?post_type=product&#038;p=6375"},"modified":"2024-04-23T12:18:47","modified_gmt":"2024-04-23T13:18:47","slug":"m320000-01-pelarvag-m-klass-iii","status":"publish","type":"product","link":"https:\/\/corina-weighing.se\/?product=m320000-01-pelarvag-m-klass-iii","title":{"rendered":"ADE M320000-01 Pelarv\u00e5g M-Klass III"},"content":{"rendered":"<ul>\n<li>Capacity 250kg x 50\/100g<\/li>\n<li>Platform 350 x 450mm<\/li>\n<li>Vikt 7,7kg<\/li>\n<li>Automatic Zero setting<\/li>\n<li>Tare<\/li>\n<li>Hold function<\/li>\n<li>Auto hold function<\/li>\n<li>Reweigh function<\/li>\n<li>BMI function<\/li>\n<li>Mother &amp; child weighing function<\/li>\n<li>Turning display<\/li>\n<li>Low battery indication<\/li>\n<li>Auto switch off<\/li>\n<li>Mains and alkaline batteries (4 x AA)<\/li>\n<li>Supplied in two parts including special screws for effortless assembly of the scale<\/li>\n<li>Garanti 2 \u00e5r<\/li>\n<li>2014\/31\/EU Directive on NON-Automatic Weighing Instrument<\/li>\n<li>93\/42EEC Medical Devices Directive<\/li>\n<li><b style=\"font-family: Arial; font-size: small;\">Levereras godk\u00e4nd f\u00f6r anv\u00e4ndning inom sjukv\u00e5rden<\/b><\/li>\n<\/ul>\n<p><img loading=\"lazy\" decoding=\"async\" class=\"alignnone wp-image-6377 size-thumbnail\" src=\"https:\/\/corina-weighing.se\/wp-content\/uploads\/2021\/03\/03-ADE_Saeulenwaage_M320000-01_2048x2048_EN-768x768-1-150x150.jpg\" alt=\"\" width=\"150\" height=\"150\" srcset=\"https:\/\/corina-weighing.se\/wp-content\/uploads\/2021\/03\/03-ADE_Saeulenwaage_M320000-01_2048x2048_EN-768x768-1-150x150.jpg 150w, https:\/\/corina-weighing.se\/wp-content\/uploads\/2021\/03\/03-ADE_Saeulenwaage_M320000-01_2048x2048_EN-768x768-1-324x324.jpg 324w, https:\/\/corina-weighing.se\/wp-content\/uploads\/2021\/03\/03-ADE_Saeulenwaage_M320000-01_2048x2048_EN-768x768-1-100x100.jpg 100w, https:\/\/corina-weighing.se\/wp-content\/uploads\/2021\/03\/03-ADE_Saeulenwaage_M320000-01_2048x2048_EN-768x768-1-416x416.jpg 416w, https:\/\/corina-weighing.se\/wp-content\/uploads\/2021\/03\/03-ADE_Saeulenwaage_M320000-01_2048x2048_EN-768x768-1-300x300.jpg 300w, https:\/\/corina-weighing.se\/wp-content\/uploads\/2021\/03\/03-ADE_Saeulenwaage_M320000-01_2048x2048_EN-768x768-1.jpg 768w\" sizes=\"auto, (max-width: 150px) 100vw, 150px\" \/> <img loading=\"lazy\" decoding=\"async\" class=\"alignnone wp-image-6378 size-thumbnail\" src=\"https:\/\/corina-weighing.se\/wp-content\/uploads\/2021\/03\/05-ADE_Saeulenwaage_M320000-01_2048x2048_EN-768x768-1-150x150.jpg\" alt=\"\" width=\"150\" height=\"150\" srcset=\"https:\/\/corina-weighing.se\/wp-content\/uploads\/2021\/03\/05-ADE_Saeulenwaage_M320000-01_2048x2048_EN-768x768-1-150x150.jpg 150w, https:\/\/corina-weighing.se\/wp-content\/uploads\/2021\/03\/05-ADE_Saeulenwaage_M320000-01_2048x2048_EN-768x768-1-324x324.jpg 324w, https:\/\/corina-weighing.se\/wp-content\/uploads\/2021\/03\/05-ADE_Saeulenwaage_M320000-01_2048x2048_EN-768x768-1-100x100.jpg 100w, https:\/\/corina-weighing.se\/wp-content\/uploads\/2021\/03\/05-ADE_Saeulenwaage_M320000-01_2048x2048_EN-768x768-1-416x416.jpg 416w, https:\/\/corina-weighing.se\/wp-content\/uploads\/2021\/03\/05-ADE_Saeulenwaage_M320000-01_2048x2048_EN-768x768-1-300x300.jpg 300w, https:\/\/corina-weighing.se\/wp-content\/uploads\/2021\/03\/05-ADE_Saeulenwaage_M320000-01_2048x2048_EN-768x768-1.jpg 768w\" sizes=\"auto, (max-width: 150px) 100vw, 150px\" \/> <img loading=\"lazy\" decoding=\"async\" class=\"alignnone wp-image-6379 size-thumbnail\" src=\"https:\/\/corina-weighing.se\/wp-content\/uploads\/2021\/03\/06-ADE_Saeulenwaage_M320000-01_2048x2048_EN-768x768-1-150x150.jpg\" alt=\"\" width=\"150\" height=\"150\" srcset=\"https:\/\/corina-weighing.se\/wp-content\/uploads\/2021\/03\/06-ADE_Saeulenwaage_M320000-01_2048x2048_EN-768x768-1-150x150.jpg 150w, https:\/\/corina-weighing.se\/wp-content\/uploads\/2021\/03\/06-ADE_Saeulenwaage_M320000-01_2048x2048_EN-768x768-1-324x324.jpg 324w, https:\/\/corina-weighing.se\/wp-content\/uploads\/2021\/03\/06-ADE_Saeulenwaage_M320000-01_2048x2048_EN-768x768-1-100x100.jpg 100w, https:\/\/corina-weighing.se\/wp-content\/uploads\/2021\/03\/06-ADE_Saeulenwaage_M320000-01_2048x2048_EN-768x768-1-416x416.jpg 416w, https:\/\/corina-weighing.se\/wp-content\/uploads\/2021\/03\/06-ADE_Saeulenwaage_M320000-01_2048x2048_EN-768x768-1-300x300.jpg 300w, https:\/\/corina-weighing.se\/wp-content\/uploads\/2021\/03\/06-ADE_Saeulenwaage_M320000-01_2048x2048_EN-768x768-1.jpg 768w\" sizes=\"auto, (max-width: 150px) 100vw, 150px\" \/><\/p>\n","protected":false},"excerpt":{"rendered":"<p>Kontakta oss f\u00f6r offert<br \/>\n<a href=\"mailto:info@corina-weighing.se\">info@corina-weighing.se<\/a><br \/>\nTel. 0730 \u2013 57 44 32<\/p>\n<p><a href=\"https:\/\/corina-weighing.se\/wp-content\/uploads\/2021\/03\/Pelarvag_M320000-01_2018.pdf\" target=\"_blank\" rel=\"noopener\">Broschyr pdf<\/a><br \/>\n<a href=\"https:\/\/corina-weighing.se\/wp-content\/uploads\/2021\/03\/M320000-0102-181130-Rev003-UM-en.pdf\" target=\"_blank\" rel=\"noopener\">Manual pdf (Eng)<br \/>\n<\/a><a href=\"https:\/\/corina-weighing.se\/wp-content\/uploads\/2021\/03\/Bruksanvisning.SVE_.M320000-0102-181130-Rev003-UM.pdf\" target=\"_blank\" rel=\"noopener\">Manual pdf (Svenska )<\/a><\/p>\n<p>Tillval: <span style=\"color: #000080;\"><strong><a style=\"color: #000080;\" href=\"https:\/\/corina-weighing.se\/?product=ade-mz10023-1-height-measure-for-scale-and-wall-mounting\">L\u00e4ngdm\u00e4tare<\/a><\/strong><\/span><\/p>\n","protected":false},"featured_media":6376,"template":"","meta":[],"product_brand":[],"product_cat":[71],"product_tag":[],"class_list":{"0":"post-6375","1":"product","2":"type-product","3":"status-publish","4":"has-post-thumbnail","6":"product_cat-golv-och-pelarvagar-m-klass-iii","8":"first","9":"instock","10":"taxable","11":"shipping-taxable","12":"product-type-simple"},"jetpack_sharing_enabled":true,"_links":{"self":[{"href":"https:\/\/corina-weighing.se\/index.php?rest_route=\/wp\/v2\/product\/6375","targetHints":{"allow":["GET"]}}],"collection":[{"href":"https:\/\/corina-weighing.se\/index.php?rest_route=\/wp\/v2\/product"}],"about":[{"href":"https:\/\/corina-weighing.se\/index.php?rest_route=\/wp\/v2\/types\/product"}],"wp:featuredmedia":[{"embeddable":true,"href":"https:\/\/corina-weighing.se\/index.php?rest_route=\/wp\/v2\/media\/6376"}],"wp:attachment":[{"href":"https:\/\/corina-weighing.se\/index.php?rest_route=%2Fwp%2Fv2%2Fmedia&parent=6375"}],"wp:term":[{"taxonomy":"product_brand","embeddable":true,"href":"https:\/\/corina-weighing.se\/index.php?rest_route=%2Fwp%2Fv2%2Fproduct_brand&post=6375"},{"taxonomy":"product_cat","embeddable":true,"href":"https:\/\/corina-weighing.se\/index.php?rest_route=%2Fwp%2Fv2%2Fproduct_cat&post=6375"},{"taxonomy":"product_tag","embeddable":true,"href":"https:\/\/corina-weighing.se\/index.php?rest_route=%2Fwp%2Fv2%2Fproduct_tag&post=6375"}],"curies":[{"name":"wp","href":"https:\/\/api.w.org\/{rel}","templated":true}]}}