{"id":6397,"date":"2021-03-07T21:17:18","date_gmt":"2021-03-07T21:17:18","guid":{"rendered":"https:\/\/corina-weighing.se\/?post_type=product&#038;p=6397"},"modified":"2025-02-03T13:15:28","modified_gmt":"2025-02-03T14:15:28","slug":"babyvag-m10100-01-m-klass-iii","status":"publish","type":"product","link":"https:\/\/corina-weighing.se\/?product=babyvag-m10100-01-m-klass-iii","title":{"rendered":"Babyv\u00e5g M10100-01  M-Klass III"},"content":{"rendered":"<p><span style=\"font-family: Arial; font-size: small;\"><b>Art.Nr. <\/b><\/span><strong>M10100-01<br \/>\n<\/strong><span style=\"font-family: Arial; font-size: small;\"><b><\/b>Portabel \/ station\u00e4r babyv\u00e5g<br \/>\nKapacitet: 20kg x 5\/10g (Dual Range)<br \/>\nV\u00e5gsk\u00e5l: 585 x 280 x 120mm<br \/>\n<b> M &#8211; Klass III Godk\u00e4nd<\/b><br \/>\nV\u00e4ska finns som tillval<br \/>\nBatteridrift 6 x AA \/ N\u00e4tadapter medf\u00f6ljer<br \/>\nVikt: 3,4 kg<br \/>\nGaranti 2 \u00e5r<br \/>\n2014\/31\/EU Directive on NON-Automatic Weighing Instrument<br \/>\n93\/42EEC Medical Devices Directive<br \/>\n<b>Levereras godk\u00e4nd f\u00f6r anv\u00e4ndning inom sjukv\u00e5rden<\/b><\/span><\/p>\n<p><img loading=\"lazy\" decoding=\"async\" class=\"alignnone wp-image-6399 size-medium\" src=\"https:\/\/corina-weighing.se\/wp-content\/uploads\/2021\/03\/04-ADE_Babywaage_M101000-01_2048x2048_EN-768x768-1-300x300.jpg\" alt=\"\" width=\"300\" height=\"300\" srcset=\"https:\/\/corina-weighing.se\/wp-content\/uploads\/2021\/03\/04-ADE_Babywaage_M101000-01_2048x2048_EN-768x768-1-300x300.jpg 300w, https:\/\/corina-weighing.se\/wp-content\/uploads\/2021\/03\/04-ADE_Babywaage_M101000-01_2048x2048_EN-768x768-1-324x324.jpg 324w, https:\/\/corina-weighing.se\/wp-content\/uploads\/2021\/03\/04-ADE_Babywaage_M101000-01_2048x2048_EN-768x768-1-100x100.jpg 100w, https:\/\/corina-weighing.se\/wp-content\/uploads\/2021\/03\/04-ADE_Babywaage_M101000-01_2048x2048_EN-768x768-1-416x416.jpg 416w, https:\/\/corina-weighing.se\/wp-content\/uploads\/2021\/03\/04-ADE_Babywaage_M101000-01_2048x2048_EN-768x768-1-150x150.jpg 150w, https:\/\/corina-weighing.se\/wp-content\/uploads\/2021\/03\/04-ADE_Babywaage_M101000-01_2048x2048_EN-768x768-1.jpg 768w\" sizes=\"auto, (max-width: 300px) 100vw, 300px\" \/><\/p>\n","protected":false},"excerpt":{"rendered":"<p>Kontakta oss f\u00f6r offert<br \/>\n<a href=\"mailto:info@corina-weighing.se\">info@corina-weighing.se<\/a><br \/>\nTel. 0730 &#8211; 57 44 32<\/p>\n<p><a href=\"https:\/\/corina-weighing.se\/wp-content\/uploads\/2021\/03\/Broschyr_M101000-01_2019_en.pdf\" target=\"_blank\" rel=\"noopener\">Broschyr pdf<\/a><br \/>\n<a href=\"https:\/\/corina-weighing.se\/wp-content\/uploads\/2021\/03\/Manual_M101000-01-210323-Rev005-UM-e.pdf\" target=\"_blank\" rel=\"noopener\">Manual pdf<\/a><\/p>\n<p><a href=\"https:\/\/corina-weighing.se\/?product=carrying-bag-ade-mz10060\" target=\"_blank\" rel=\"noopener\">Carrying Bag MZ10060 (Tillval)<\/a><\/p>\n<p>&nbsp;<\/p>\n","protected":false},"featured_media":6398,"template":"","meta":[],"product_brand":[],"product_cat":[68,74],"product_tag":[],"class_list":{"0":"post-6397","1":"product","2":"type-product","3":"status-publish","4":"has-post-thumbnail","6":"product_cat-babyvagar","7":"product_cat-portabla_vagar","9":"first","10":"instock","11":"taxable","12":"shipping-taxable","13":"product-type-simple"},"jetpack_sharing_enabled":true,"_links":{"self":[{"href":"https:\/\/corina-weighing.se\/index.php?rest_route=\/wp\/v2\/product\/6397","targetHints":{"allow":["GET"]}}],"collection":[{"href":"https:\/\/corina-weighing.se\/index.php?rest_route=\/wp\/v2\/product"}],"about":[{"href":"https:\/\/corina-weighing.se\/index.php?rest_route=\/wp\/v2\/types\/product"}],"wp:featuredmedia":[{"embeddable":true,"href":"https:\/\/corina-weighing.se\/index.php?rest_route=\/wp\/v2\/media\/6398"}],"wp:attachment":[{"href":"https:\/\/corina-weighing.se\/index.php?rest_route=%2Fwp%2Fv2%2Fmedia&parent=6397"}],"wp:term":[{"taxonomy":"product_brand","embeddable":true,"href":"https:\/\/corina-weighing.se\/index.php?rest_route=%2Fwp%2Fv2%2Fproduct_brand&post=6397"},{"taxonomy":"product_cat","embeddable":true,"href":"https:\/\/corina-weighing.se\/index.php?rest_route=%2Fwp%2Fv2%2Fproduct_cat&post=6397"},{"taxonomy":"product_tag","embeddable":true,"href":"https:\/\/corina-weighing.se\/index.php?rest_route=%2Fwp%2Fv2%2Fproduct_tag&post=6397"}],"curies":[{"name":"wp","href":"https:\/\/api.w.org\/{rel}","templated":true}]}}