{"id":6701,"date":"2022-12-04T19:55:25","date_gmt":"2022-12-04T19:55:25","guid":{"rendered":"https:\/\/corina-weighing.se\/?post_type=product&#038;p=6701"},"modified":"2025-11-01T04:32:11","modified_gmt":"2025-11-01T05:32:11","slug":"odc-895","status":"publish","type":"product","link":"https:\/\/corina-weighing.se\/?product=odc-895","title":{"rendered":"ODC-895"},"content":{"rendered":"<p>The digital USB microscope for rapid testing<\/p>\n<ul id=\"kernList1\">\n<li>The USB hand-held microscope is designed for rapid and simple observations. Ideally suited for coins, plants, insects and skin samples for all hobby scientists, children and students.<\/li>\n<li>Le r\u00e9glage simple du grandissement permet d&#8217;agrandir tous les \u00e9chantillons habituels avec le microscope USB. La plage de zoom doit \u00eatre mise au point sur un grandissement de 10x et 200x pour qu&#8217;une focalisation automatique ait lieu.<\/li>\n<li>The eight LEDs fitted in the ring shape ensure strong and effective illumination of your sample. Use the adjustment wheel on the cable to control the illumination setting.<\/li>\n<li>As well as the camera, you will also find a simplified version of our multi-lingual KERN Microscope VIS software included with delivery.<\/li>\n<li>cable length: 1,4 m<\/li>\n<\/ul>\n<p>Stand with focus wheel<\/p>\n<ul id=\"kernList1\">\n<li>Work area: 150&#215;80 mm<\/li>\n<li>Focus range: 60 mm<\/li>\n<li>Overall dimensions W\u00d7D\u00d7H 80\u00d7150\u00d7180 mm<\/li>\n<\/ul>\n","protected":false},"excerpt":{"rendered":"<p>Kontakta oss f\u00f6r offert<br \/>\nE-post.\u00a0<a href=\"mailto:info@corina-weighing.se\">info@corina-weighing.se<\/a><br \/>\nTel. 0730 \u2013 57 44 32<\/p>\n<p><a href=\"https:\/\/corina-weighing.se\/wp-content\/uploads\/2022\/12\/Broschyr.sl-odc-89-en.pdf\" target=\"_blank\" rel=\"noopener\">Broschyr pdf<\/a><br \/>\n<a href=\"https:\/\/corina-weighing.se\/wp-content\/uploads\/2022\/12\/Manual.odc-89-ba-e-2011.pdf\" target=\"_blank\" rel=\"noopener\">Manual (Eng)<\/a><\/p>\n","protected":false},"featured_media":6702,"template":"","meta":[],"product_brand":[],"product_cat":[435],"product_tag":[],"class_list":{"0":"post-6701","1":"product","2":"type-product","3":"status-publish","4":"has-post-thumbnail","6":"product_cat-microskope-cameras","7":"product_shipping_class-211","9":"first","10":"instock","11":"taxable","12":"shipping-taxable","13":"purchasable","14":"product-type-simple"},"jetpack_sharing_enabled":true,"_links":{"self":[{"href":"https:\/\/corina-weighing.se\/index.php?rest_route=\/wp\/v2\/product\/6701","targetHints":{"allow":["GET"]}}],"collection":[{"href":"https:\/\/corina-weighing.se\/index.php?rest_route=\/wp\/v2\/product"}],"about":[{"href":"https:\/\/corina-weighing.se\/index.php?rest_route=\/wp\/v2\/types\/product"}],"wp:featuredmedia":[{"embeddable":true,"href":"https:\/\/corina-weighing.se\/index.php?rest_route=\/wp\/v2\/media\/6702"}],"wp:attachment":[{"href":"https:\/\/corina-weighing.se\/index.php?rest_route=%2Fwp%2Fv2%2Fmedia&parent=6701"}],"wp:term":[{"taxonomy":"product_brand","embeddable":true,"href":"https:\/\/corina-weighing.se\/index.php?rest_route=%2Fwp%2Fv2%2Fproduct_brand&post=6701"},{"taxonomy":"product_cat","embeddable":true,"href":"https:\/\/corina-weighing.se\/index.php?rest_route=%2Fwp%2Fv2%2Fproduct_cat&post=6701"},{"taxonomy":"product_tag","embeddable":true,"href":"https:\/\/corina-weighing.se\/index.php?rest_route=%2Fwp%2Fv2%2Fproduct_tag&post=6701"}],"curies":[{"name":"wp","href":"https:\/\/api.w.org\/{rel}","templated":true}]}}