{"id":6852,"date":"2024-04-19T16:44:16","date_gmt":"2024-04-19T17:44:16","guid":{"rendered":"https:\/\/corina-weighing.se\/?post_type=product&#038;p=6852"},"modified":"2025-09-28T11:33:18","modified_gmt":"2025-09-28T12:33:18","slug":"infrared-thermometer-jit-100","status":"publish","type":"product","link":"https:\/\/corina-weighing.se\/?product=infrared-thermometer-jit-100","title":{"rendered":"Infrared thermometer JIT 100"},"content":{"rendered":"<h4>Infrared thermometer for industry, environmental engineering and maintenance work<\/h4>\n<h4>TECHNICAL DATA<\/h4>\n<p>Temperature [Min] (\u00b0C)-32 \u00b0C<br \/>\nTemperature [Max] (\u00b0C) 420 \u00b0C<br \/>\nLaser class 2<br \/>\nLaser power 0,001 W Units\u00b0C, \u00b0F<br \/>\nDimension (W\u00d7D\u00d7H)162\u00d790\u00d748 mm<br \/>\nNet weight 0,204 kg<br \/>\nProduct group Infrared thermometer<br \/>\nProduct family JIT<br \/>\nTemperature &#8211; measuring range 1 [Min]-32 \u00b0C<br \/>\nTemperature &#8211; measuring range 1 [Max]0 \u00b0C<br \/>\nTemperature accuracy &#8211; measuring range 1+\/- 1,5 \u00b0C+0,1 \u00b0C\/ \u00b0C<br \/>\nTemperature &#8211; measuring range 2 [Min]0 \u00b0C<br \/>\nTemperature &#8211; measuring range 2 [Max]100 \u00b0C<br \/>\nTemperature accuracy &#8211; measuring range 2+\/- 1,5 \u00b0C<br \/>\nTemperature &#8211; measuring range 3 [Min]100 \u00b0C<br \/>\nTemperature &#8211; measuring range 3 [Max]420 \u00b0C<\/p>\n<p><img loading=\"lazy\" decoding=\"async\" class=\"alignnone wp-image-6854 size-medium\" src=\"https:\/\/corina-weighing.se\/wp-content\/uploads\/2024\/04\/JIT-100_0001-229x300.png\" alt=\"\" width=\"229\" height=\"300\" srcset=\"https:\/\/corina-weighing.se\/wp-content\/uploads\/2024\/04\/JIT-100_0001-229x300.png 229w, https:\/\/corina-weighing.se\/wp-content\/uploads\/2024\/04\/JIT-100_0001.png 344w\" sizes=\"auto, (max-width: 229px) 100vw, 229px\" \/><\/p>\n","protected":false},"excerpt":{"rendered":"<p>Kontakta oss f\u00f6r offert<br \/>\nE-post.\u00a0<a href=\"mailto:info@corina-weighing.se\">info@corina-weighing.se<\/a><br \/>\nTel. 0730 \u2013 57 44 32<\/p>\n<p><a href=\"https:\/\/corina-weighing.se\/wp-content\/uploads\/2024\/04\/Brochure_SL_JIT100_en.pdf\" target=\"_blank\" rel=\"noopener\">Broschyr pdf (Eng)<\/a><br \/>\n<a href=\"https:\/\/corina-weighing.se\/wp-content\/uploads\/2024\/04\/Manual_jit100-ba-e-2410.pdf\" target=\"_blank\" rel=\"noopener\">Manual pdf (Eng)<\/a><br \/>\n<a href=\"https:\/\/corina-weighing.se\/wp-content\/uploads\/2024\/04\/Data_sheet_TD_JIT100_en.pdf\" target=\"_blank\" rel=\"noopener\">Data sheet pdf<\/a><\/p>\n","protected":false},"featured_media":6853,"template":"","meta":[],"product_brand":[],"product_cat":[388],"product_tag":[],"class_list":{"0":"post-6852","1":"product","2":"type-product","3":"status-publish","4":"has-post-thumbnail","6":"product_cat-ir-thermometer","8":"first","9":"instock","10":"taxable","11":"shipping-taxable","12":"product-type-simple"},"jetpack_sharing_enabled":true,"_links":{"self":[{"href":"https:\/\/corina-weighing.se\/index.php?rest_route=\/wp\/v2\/product\/6852","targetHints":{"allow":["GET"]}}],"collection":[{"href":"https:\/\/corina-weighing.se\/index.php?rest_route=\/wp\/v2\/product"}],"about":[{"href":"https:\/\/corina-weighing.se\/index.php?rest_route=\/wp\/v2\/types\/product"}],"wp:featuredmedia":[{"embeddable":true,"href":"https:\/\/corina-weighing.se\/index.php?rest_route=\/wp\/v2\/media\/6853"}],"wp:attachment":[{"href":"https:\/\/corina-weighing.se\/index.php?rest_route=%2Fwp%2Fv2%2Fmedia&parent=6852"}],"wp:term":[{"taxonomy":"product_brand","embeddable":true,"href":"https:\/\/corina-weighing.se\/index.php?rest_route=%2Fwp%2Fv2%2Fproduct_brand&post=6852"},{"taxonomy":"product_cat","embeddable":true,"href":"https:\/\/corina-weighing.se\/index.php?rest_route=%2Fwp%2Fv2%2Fproduct_cat&post=6852"},{"taxonomy":"product_tag","embeddable":true,"href":"https:\/\/corina-weighing.se\/index.php?rest_route=%2Fwp%2Fv2%2Fproduct_tag&post=6852"}],"curies":[{"name":"wp","href":"https:\/\/api.w.org\/{rel}","templated":true}]}}