{"id":7080,"date":"2024-07-20T10:39:14","date_gmt":"2024-07-20T11:39:14","guid":{"rendered":"https:\/\/corina-weighing.se\/?post_type=product&#038;p=7080"},"modified":"2024-07-20T10:40:10","modified_gmt":"2024-07-20T11:40:10","slug":"crane-scale-hcd","status":"publish","type":"product","link":"https:\/\/corina-weighing.se\/?product=crane-scale-hcd","title":{"rendered":"Crane Scale HCD"},"content":{"rendered":"<p>High-resolution crane scale for loads<\/p>\n<ul>\n<li>With the T\u00dcV\u00a0<a style=\"font-family: Arial, Helvetica, sans-serif; font-size: 16px; text-decoration: underline; color: #16a2c5; box-sizing: border-box;\">certification<\/a>\u00a0mark, the scale meets the requirements of the standard EN 13155 (Non-fixed load lifting attachments\/Breakage resistance) and EN 61010-1 (Electrical safety)<\/li>\n<li>Fully-equipped crane scale for low to medium load ranges. The solid design guarantees that extra level of safety (T\u00dcV tested). Thanks to the large LCD display and the remote control which is delivered as standard, it can also be operated safely from a distance and results can be read off<\/li>\n<li>High mobility: Thanks to battery operation\/rechargeable battery operation (optional), compact, lightweight construction, it is suitable for the use in several locations (production, warehouse, dispatch department, etc.)<\/li>\n<li>Battery level indicator, LED visual display<\/li>\n<li>Hold function: For easy reading of the weighing result, the display can be \u201efrozen\u201c in different ways. Either automatically when the weighing value remains unchanged or manually by pressing the Hold key<\/li>\n<li>Tare: Resets the display to \u201e0\u201c when there is a load on the scale. Now removed or added loads are directly displayed<\/li>\n<li>Large high-contrasted display that is easy to read<\/li>\n<li><a style=\"font-family: Arial, Helvetica, sans-serif; font-size: 16px; text-decoration: underline; color: #16a2c5; box-sizing: border-box;\">Standby function<\/a>: display automatically switched off after 5 min without a change of load. Automatic activation with the touch of a key<\/li>\n<li>Hook with safety catch, revolving<\/li>\n<li>Shackle and safety catch made of nickel-plated steel<\/li>\n<li>Infrared remote control standard, range up to 20 m, W\u00d7D\u00d7H 65\u00d724\u00d7100 mm, batteries included<\/li>\n<\/ul>\n<p><img loading=\"lazy\" decoding=\"async\" class=\"alignnone size-full wp-image-7081\" src=\"https:\/\/corina-weighing.se\/wp-content\/uploads\/2024\/07\/21_en.png\" alt=\"\" width=\"150\" height=\"150\" srcset=\"https:\/\/corina-weighing.se\/wp-content\/uploads\/2024\/07\/21_en.png 150w, https:\/\/corina-weighing.se\/wp-content\/uploads\/2024\/07\/21_en-100x100.png 100w\" sizes=\"auto, (max-width: 150px) 100vw, 150px\" \/> <img loading=\"lazy\" decoding=\"async\" class=\"alignnone wp-image-7082 size-medium\" src=\"https:\/\/corina-weighing.se\/wp-content\/uploads\/2024\/07\/HCD-60K-2_0004-267x300.png\" alt=\"\" width=\"267\" height=\"300\" srcset=\"https:\/\/corina-weighing.se\/wp-content\/uploads\/2024\/07\/HCD-60K-2_0004-267x300.png 267w, https:\/\/corina-weighing.se\/wp-content\/uploads\/2024\/07\/HCD-60K-2_0004.png 401w\" sizes=\"auto, (max-width: 267px) 100vw, 267px\" \/> <img loading=\"lazy\" decoding=\"async\" class=\"alignnone wp-image-7083 size-medium\" src=\"https:\/\/corina-weighing.se\/wp-content\/uploads\/2024\/07\/HCD-60K-2_0005-300x289.png\" alt=\"\" width=\"300\" height=\"289\" srcset=\"https:\/\/corina-weighing.se\/wp-content\/uploads\/2024\/07\/HCD-60K-2_0005-300x289.png 300w, https:\/\/corina-weighing.se\/wp-content\/uploads\/2024\/07\/HCD-60K-2_0005-416x401.png 416w, https:\/\/corina-weighing.se\/wp-content\/uploads\/2024\/07\/HCD-60K-2_0005.png 450w\" sizes=\"auto, (max-width: 300px) 100vw, 300px\" \/><\/p>\n","protected":false},"excerpt":{"rendered":"<p>Kontakta oss f\u00f6r offert<br \/>\nE-post.\u00a0<a href=\"mailto:info@corina-weighing.se\">info@corina-weighing.se<\/a><br \/>\nTel. 0730 \u2013 57 44 32<\/p>\n<p><a href=\"https:\/\/corina-weighing.se\/wp-content\/uploads\/2024\/07\/Brochure_SL_HCD100K-2_en.pdf\" target=\"_blank\" rel=\"noopener\">Brochure pdf<\/a><br \/>\n<a href=\"https:\/\/corina-weighing.se\/wp-content\/uploads\/2024\/07\/Manual_HCD-BA-e-2214.pdf\" target=\"_blank\" rel=\"noopener\">Manual pdf (Eng)<\/a><br \/>\n<a href=\"https:\/\/corina-weighing.se\/wp-content\/uploads\/2024\/07\/Manual_HCD-BA-se-2214_SWE.pdf\" target=\"_blank\" rel=\"noopener\">Manual pdf (Svenska)<\/a><br \/>\n<a href=\"https:\/\/corina-weighing.se\/wp-content\/uploads\/2024\/07\/Data_Sheet_TD_HCD100K-2_en.pdf\" target=\"_blank\" rel=\"noopener\">Data sheet pdf<\/a><br \/>\n<a href=\"https:\/\/corina-weighing.se\/wp-content\/uploads\/2024\/07\/Safety_Data_Sheet_2020-CHIMEI-MSDS_Polylac-GP-ABS-Natural.pdf\" target=\"_blank\" rel=\"noopener\">Safety Data Sheet pdf<\/a><br \/>\n<a href=\"https:\/\/corina-weighing.se\/wp-content\/uploads\/2024\/07\/Declaration_of_Conformity_QXPCE-ST-252-THCD-A-2023.10.19.00-EN.pdf\" target=\"_blank\" rel=\"noopener\">Declaration of Conformity pdf<\/a><\/p>\n","protected":false},"featured_media":7090,"template":"","meta":[],"product_brand":[],"product_cat":[48],"product_tag":[],"class_list":{"0":"post-7080","1":"product","2":"type-product","3":"status-publish","4":"has-post-thumbnail","6":"product_cat-kranvagar","7":"pa_kapacitet-150-300kg-x-50-100g","8":"pa_kapacitet-150kg-x-50g","9":"pa_kapacitet-300kg-x-100g","10":"pa_kapacitet-60-150kg-x-20-50g","11":"pa_kapacitet-60kg-x-20g","13":"first","14":"instock","15":"taxable","16":"shipping-taxable","17":"purchasable","18":"product-type-variable"},"jetpack_sharing_enabled":true,"_links":{"self":[{"href":"https:\/\/corina-weighing.se\/index.php?rest_route=\/wp\/v2\/product\/7080","targetHints":{"allow":["GET"]}}],"collection":[{"href":"https:\/\/corina-weighing.se\/index.php?rest_route=\/wp\/v2\/product"}],"about":[{"href":"https:\/\/corina-weighing.se\/index.php?rest_route=\/wp\/v2\/types\/product"}],"wp:featuredmedia":[{"embeddable":true,"href":"https:\/\/corina-weighing.se\/index.php?rest_route=\/wp\/v2\/media\/7090"}],"wp:attachment":[{"href":"https:\/\/corina-weighing.se\/index.php?rest_route=%2Fwp%2Fv2%2Fmedia&parent=7080"}],"wp:term":[{"taxonomy":"product_brand","embeddable":true,"href":"https:\/\/corina-weighing.se\/index.php?rest_route=%2Fwp%2Fv2%2Fproduct_brand&post=7080"},{"taxonomy":"product_cat","embeddable":true,"href":"https:\/\/corina-weighing.se\/index.php?rest_route=%2Fwp%2Fv2%2Fproduct_cat&post=7080"},{"taxonomy":"product_tag","embeddable":true,"href":"https:\/\/corina-weighing.se\/index.php?rest_route=%2Fwp%2Fv2%2Fproduct_tag&post=7080"}],"curies":[{"name":"wp","href":"https:\/\/api.w.org\/{rel}","templated":true}]}}