{"id":740,"date":"2019-08-23T11:52:53","date_gmt":"2019-08-23T11:52:53","guid":{"rendered":"https:\/\/corina-weighing.se\/?post_type=product&#038;p=740"},"modified":"2023-09-05T12:14:12","modified_gmt":"2023-09-05T13:14:12","slug":"hm200_langdmatare","status":"publish","type":"product","link":"https:\/\/corina-weighing.se\/?product=hm200_langdmatare","title":{"rendered":"HM-201M (HM-200) L\u00e4ngdm\u00e4tare"},"content":{"rendered":"","protected":false},"excerpt":{"rendered":"<p>Kontakta oss f\u00f6r offert<br \/>\n<a href=\"mailto:info@corina-weighing.se\">info@corina-weighing.se<\/a><br \/>\nTel. 0730 \u2013 57 44 32<\/p>\n<p><a href=\"https:\/\/corina-weighing.se\/wp-content\/uploads\/2019\/08\/HM-200.pdf\" target=\"_blank\" rel=\"noopener noreferrer\">Broschyr pdf<\/a><\/p>\n<p><span style=\"font-family: Arial; font-size: small;\"><b>Art.Nr. M31 105<br \/>\n<\/b>Analog l\u00e4ngdm\u00e4tare i aluminium<br \/>\nTeleskop<br \/>\nF\u00f6r v\u00e4ggmontering eller till pelarv\u00e5gar M-110 och M-120<br \/>\n60 &#8211; 200 cm<br \/>\nDelning: 1 mm<\/span><\/p>\n<p><img loading=\"lazy\" decoding=\"async\" class=\"alignnone size-full wp-image-743\" src=\"https:\/\/corina-weighing.se\/wp-content\/uploads\/2019\/08\/HM-200-INSET.jpg\" alt=\"\" width=\"520\" height=\"520\" srcset=\"https:\/\/corina-weighing.se\/wp-content\/uploads\/2019\/08\/HM-200-INSET.jpg 520w, https:\/\/corina-weighing.se\/wp-content\/uploads\/2019\/08\/HM-200-INSET-324x324.jpg 324w, https:\/\/corina-weighing.se\/wp-content\/uploads\/2019\/08\/HM-200-INSET-100x100.jpg 100w, https:\/\/corina-weighing.se\/wp-content\/uploads\/2019\/08\/HM-200-INSET-416x416.jpg 416w, https:\/\/corina-weighing.se\/wp-content\/uploads\/2019\/08\/HM-200-INSET-150x150.jpg 150w, https:\/\/corina-weighing.se\/wp-content\/uploads\/2019\/08\/HM-200-INSET-300x300.jpg 300w\" sizes=\"auto, (max-width: 520px) 100vw, 520px\" \/><\/p>\n","protected":false},"featured_media":742,"template":"","meta":[],"product_brand":[],"product_cat":[84,85],"product_tag":[],"class_list":{"0":"post-740","1":"product","2":"type-product","3":"status-publish","4":"has-post-thumbnail","6":"product_cat-langdmatare","7":"product_cat-langdmatare-personvagar_klass_iii","9":"first","10":"instock","11":"taxable","12":"shipping-taxable","13":"product-type-simple"},"jetpack_sharing_enabled":true,"_links":{"self":[{"href":"https:\/\/corina-weighing.se\/index.php?rest_route=\/wp\/v2\/product\/740","targetHints":{"allow":["GET"]}}],"collection":[{"href":"https:\/\/corina-weighing.se\/index.php?rest_route=\/wp\/v2\/product"}],"about":[{"href":"https:\/\/corina-weighing.se\/index.php?rest_route=\/wp\/v2\/types\/product"}],"wp:featuredmedia":[{"embeddable":true,"href":"https:\/\/corina-weighing.se\/index.php?rest_route=\/wp\/v2\/media\/742"}],"wp:attachment":[{"href":"https:\/\/corina-weighing.se\/index.php?rest_route=%2Fwp%2Fv2%2Fmedia&parent=740"}],"wp:term":[{"taxonomy":"product_brand","embeddable":true,"href":"https:\/\/corina-weighing.se\/index.php?rest_route=%2Fwp%2Fv2%2Fproduct_brand&post=740"},{"taxonomy":"product_cat","embeddable":true,"href":"https:\/\/corina-weighing.se\/index.php?rest_route=%2Fwp%2Fv2%2Fproduct_cat&post=740"},{"taxonomy":"product_tag","embeddable":true,"href":"https:\/\/corina-weighing.se\/index.php?rest_route=%2Fwp%2Fv2%2Fproduct_tag&post=740"}],"curies":[{"name":"wp","href":"https:\/\/api.w.org\/{rel}","templated":true}]}}