{"id":759,"date":"2019-08-23T20:32:33","date_gmt":"2019-08-23T20:32:33","guid":{"rendered":"https:\/\/corina-weighing.se\/?post_type=product&#038;p=759"},"modified":"2024-09-24T07:37:23","modified_gmt":"2024-09-24T08:37:23","slug":"bag_m605_hangvag","status":"publish","type":"product","link":"https:\/\/corina-weighing.se\/?product=bag_m605_hangvag","title":{"rendered":"V\u00e4ska till M-605 H\u00e4ngv\u00e5g"},"content":{"rendered":"","protected":false},"excerpt":{"rendered":"<p>Kontakta oss f\u00f6r offert<br \/>\nE-post. <a href=\"mailto:info@corina-weighing.se\">info@corina-weighing.se <\/a><br \/>\nTel. 0730 \u2013 57 44 32<\/p>\n<p><span style=\"font-family: Arial; font-size: small;\"><b>Art.Nr. M31 046B<\/b><\/span><\/p>\n<p>V\u00e4ska till v\u00e5gtillsats<\/p>\n<p><img loading=\"lazy\" decoding=\"async\" class=\"alignnone size-full wp-image-760\" src=\"https:\/\/corina-weighing.se\/wp-content\/uploads\/2019\/08\/cc-600.png\" alt=\"\" width=\"650\" height=\"650\" srcset=\"https:\/\/corina-weighing.se\/wp-content\/uploads\/2019\/08\/cc-600.png 650w, https:\/\/corina-weighing.se\/wp-content\/uploads\/2019\/08\/cc-600-324x324.png 324w, https:\/\/corina-weighing.se\/wp-content\/uploads\/2019\/08\/cc-600-100x100.png 100w, https:\/\/corina-weighing.se\/wp-content\/uploads\/2019\/08\/cc-600-416x416.png 416w, https:\/\/corina-weighing.se\/wp-content\/uploads\/2019\/08\/cc-600-150x150.png 150w, https:\/\/corina-weighing.se\/wp-content\/uploads\/2019\/08\/cc-600-300x300.png 300w\" sizes=\"auto, (max-width: 650px) 100vw, 650px\" \/><\/p>\n","protected":false},"featured_media":760,"template":"","meta":[],"product_brand":[],"product_cat":[82],"product_tag":[],"class_list":{"0":"post-759","1":"product","2":"type-product","3":"status-publish","4":"has-post-thumbnail","6":"product_cat-vaskor","7":"product_shipping_class-210","9":"first","10":"instock","11":"taxable","12":"shipping-taxable","13":"purchasable","14":"product-type-simple"},"jetpack_sharing_enabled":true,"_links":{"self":[{"href":"https:\/\/corina-weighing.se\/index.php?rest_route=\/wp\/v2\/product\/759","targetHints":{"allow":["GET"]}}],"collection":[{"href":"https:\/\/corina-weighing.se\/index.php?rest_route=\/wp\/v2\/product"}],"about":[{"href":"https:\/\/corina-weighing.se\/index.php?rest_route=\/wp\/v2\/types\/product"}],"wp:featuredmedia":[{"embeddable":true,"href":"https:\/\/corina-weighing.se\/index.php?rest_route=\/wp\/v2\/media\/760"}],"wp:attachment":[{"href":"https:\/\/corina-weighing.se\/index.php?rest_route=%2Fwp%2Fv2%2Fmedia&parent=759"}],"wp:term":[{"taxonomy":"product_brand","embeddable":true,"href":"https:\/\/corina-weighing.se\/index.php?rest_route=%2Fwp%2Fv2%2Fproduct_brand&post=759"},{"taxonomy":"product_cat","embeddable":true,"href":"https:\/\/corina-weighing.se\/index.php?rest_route=%2Fwp%2Fv2%2Fproduct_cat&post=759"},{"taxonomy":"product_tag","embeddable":true,"href":"https:\/\/corina-weighing.se\/index.php?rest_route=%2Fwp%2Fv2%2Fproduct_tag&post=759"}],"curies":[{"name":"wp","href":"https:\/\/api.w.org\/{rel}","templated":true}]}}